{"id":7,"date":"2024-03-09T09:45:53","date_gmt":"2024-03-09T08:45:53","guid":{"rendered":"https:\/\/intergalactica.eu\/?page_id=7"},"modified":"2024-03-12T09:44:15","modified_gmt":"2024-03-12T08:44:15","slug":"one-page-express","status":"publish","type":"page","link":"https:\/\/intergalactica.eu\/","title":{"rendered":"Front Page"},"content":{"rendered":"<div  id=\"overlapable-2\" style=\"background-color: rgb(246, 246, 246);\" data-label=\"Overlapable\" data-id=\"stripped-coloured-icon-boxes\" data-category=\"overlapable\" class=\"features-coloured-icon-boxes-section\" data-overlap=\"true\"> <div  class=\"gridContainer\"> <div  class=\"features-coloured-icon-boxes-innerrow flexbox-list dark-text\" data-type=\"row\"> <div  class=\"features-coloured-icon-boxes-featurecol cp3cols\"> <div  class=\"features-coloured-icon-boxes-iconcontainer\" data-content-item-container=\"true\"> <i  data-cp-fa=\"true\" class=\"features-coloured-icon fa fa-address-card\"><\/i> <\/div> <h4  class=\"\">KRS<\/h4> <p  class=\"\">0001066536<\/p>  <\/div> <div  class=\"features-coloured-icon-boxes-featurecol cp3cols\"> <div  class=\"features-coloured-icon-boxes-iconcontainer\" data-content-item-container=\"true\"> <i  data-cp-fa=\"true\" class=\"features-coloured-icon fa fa-address-card\"><\/i> <\/div> <h4  class=\"\">NIP<\/h4> <p  class=\"\">8971929168<\/p>  <\/div> <div  class=\"features-coloured-icon-boxes-featurecol cp3cols\"> <div  class=\"features-coloured-icon-boxes-iconcontainer\" data-content-item-container=\"true\"> <i  data-cp-fa=\"true\" class=\"features-coloured-icon fa fa-address-card\"><\/i> <\/div> <h4  class=\"\">REGON<\/h4> <p  class=\"\">526795890<\/p>  <\/div>  <\/div> <\/div><\/div><div  id=\"about-1\" style=\"background-color: #f6f6f6;\" data-label=\"About\" data-id=\"about-big-images-section\" data-category=\"about\" class=\"about-big-images-section\"> <div  class=\"gridContainer\"> <div  class=\"about-big-images-textrow\"> <div  class=\"about-big-images-textcol dynamic-color\" data-type=\"column\"> <h3  class=\"\"><font  style=\"vertical-align: inherit;\"><font  style=\"vertical-align: inherit;\"><\/font><\/font>O nas<span  href=\"#\" class=\"span25\"><\/span><\/h3><h5  class=\"\">Witamy w naszej firmie! Jeste\u015bmy kompleksowym rozwi\u0105zaniem dla wszystkich Twoich potrzeb. D\u0105\u017c\u0105c do doskona\u0142o\u015bci i skupiaj\u0105c si\u0119 na zadowoleniu klienta, staramy si\u0119 dostarcza\u0107 najwy\u017cszej klasy us\u0142ugi dostosowane do Twoich wymaga\u0144. Niezale\u017cnie od tego, czy szukasz innowacyjnych rozwi\u0105za\u0144 czy niezawodnych us\u0142ug, mamy dla Ciebie najlepsze rozwi\u0105zanie szyte na Twoj\u0105 miar\u0119. Do\u0142\u0105cz do nas w tej podr\u00f3\u017cy i wsp\u00f3lnie osi\u0105gnijmy sukces!<\/h5>  <p  class=\"\"><\/p>  <\/div> <\/div> <\/div> <div  class=\"about-big-images-bottomrow\"> <div  class=\"about-big-images-leftimgcol\"><img  decoding=\"async\" class=\"about-big-images-leftimg\" src=\"http:\/\/intergalactica.eu\/wp-content\/uploads\/2024\/03\/Projekt-bez-nazwy-16.png\" alt=\"\"> <\/div> <div  class=\"about-big-images-centerimgcol\"><img  decoding=\"async\" class=\"about-big-images-centerimg\" src=\"http:\/\/intergalactica.eu\/wp-content\/uploads\/2024\/03\/Projekt-bez-nazwy-14.png\" alt=\"\"> <\/div> <div  class=\"about-big-images-rightimgcol\"><img  decoding=\"async\" class=\"about-big-images-rightimg\" src=\"http:\/\/intergalactica.eu\/wp-content\/uploads\/2024\/03\/Projekt-bez-nazwy-15.png\" alt=\"\"> <\/div> <\/div> <\/div><div  id=\"cta-1\" data-label=\"Call to action\" data-id=\"cta-blue-section\" data-category=\"cta\" class=\"cta-blue-section\"> <div  class=\"\"> <div  class=\"flexbox-list flexbox-list-align-center row\"> <div  class=\"cta-blue-textcol dynamic-color\"> <h2  class=\"cta-blue-text\">Inter Galactica Prosta Sp\u00f3\u0142ka Akcyjna\n<br >\u015acinawska 20, 53-629 Wroc\u0142aw, Polska<br ><b  class=\"element2\"><\/b>\noffice@intergalactica.eu<\/h2> <\/div> <div  class=\"cta-blue-btncol\"> <a class=\"button big yellow dark-text\" href=\"tel:+48665218386\" target=\"_blank\" rel=\"noopener\">Tel: +48 665 218 386<\/a> <\/div> <\/div> <\/div> <\/div><div  id=\"contact-4\" data-label=\"Contact\" data-id=\"contact-section\" data-category=\"contact\" data-bg=\"transparent\" class=\"contact-section-formsection white-text\"> <div  class=\"gridContainer\"> <div  class=\"row_224\"> <div  class=\"contact-textrow\"> <div  class=\"contact-textcol dynamic-color\"> <h2  class=\"\"><\/h2> <p  class=\"white_text\"><\/p> <\/div> <\/div> <\/div> <div  class=\"contact-formcol\" data-content-shortcode=\"one_page_express_contact_form shortcode=&quot;contact-form-7 id=&amp;amp;quot;248302c&amp;amp;quot; title=&amp;amp;quot;Formularz 1&amp;amp;quot;&quot;\" data-editable=\"true\">\n<div class=\"wpcf7 no-js\" id=\"wpcf7-f54-o1\" lang=\"pl-PL\" dir=\"ltr\" data-wpcf7-id=\"54\">\n<div class=\"screen-reader-response\"><p role=\"status\" aria-live=\"polite\" aria-atomic=\"true\"><\/p> <ul><\/ul><\/div>\n<form action=\"\/index.php?rest_route=%2Fwp%2Fv2%2Fpages%2F7#wpcf7-f54-o1\" method=\"post\" class=\"wpcf7-form init\" aria-label=\"Formularz kontaktowy\" novalidate=\"novalidate\" data-status=\"init\">\n<div style=\"display: none;\">\n<input type=\"hidden\" name=\"_wpcf7\" value=\"54\" \/>\n<input type=\"hidden\" name=\"_wpcf7_version\" value=\"6.0.1\" \/>\n<input type=\"hidden\" name=\"_wpcf7_locale\" value=\"pl_PL\" \/>\n<input type=\"hidden\" name=\"_wpcf7_unit_tag\" value=\"wpcf7-f54-o1\" \/>\n<input type=\"hidden\" name=\"_wpcf7_container_post\" value=\"0\" \/>\n<input type=\"hidden\" name=\"_wpcf7_posted_data_hash\" value=\"\" \/>\n<\/div>\n<p><label> Twoje imi\u0119 i nazwisko<br \/>\n<span class=\"wpcf7-form-control-wrap\" data-name=\"your-name\"><input size=\"40\" maxlength=\"400\" class=\"wpcf7-form-control wpcf7-text wpcf7-validates-as-required\" autocomplete=\"name\" aria-required=\"true\" aria-invalid=\"false\" value=\"\" type=\"text\" name=\"your-name\" \/><\/span> <\/label>\n<\/p>\n<p><label> Tw\u00f3j adres e-mail<br \/>\n<span class=\"wpcf7-form-control-wrap\" data-name=\"your-email\"><input size=\"40\" maxlength=\"400\" class=\"wpcf7-form-control wpcf7-email wpcf7-validates-as-required wpcf7-text wpcf7-validates-as-email\" autocomplete=\"email\" aria-required=\"true\" aria-invalid=\"false\" value=\"\" type=\"email\" name=\"your-email\" \/><\/span> <\/label>\n<\/p>\n<p><label> Temat<br \/>\n<span class=\"wpcf7-form-control-wrap\" data-name=\"your-subject\"><input size=\"40\" maxlength=\"400\" class=\"wpcf7-form-control wpcf7-text wpcf7-validates-as-required\" aria-required=\"true\" aria-invalid=\"false\" value=\"\" type=\"text\" name=\"your-subject\" \/><\/span> <\/label>\n<\/p>\n<p><label> Twoja wiadomo\u015bci (opcjonalne)<br \/>\n<span class=\"wpcf7-form-control-wrap\" data-name=\"your-message\"><textarea cols=\"40\" rows=\"10\" maxlength=\"2000\" class=\"wpcf7-form-control wpcf7-textarea\" aria-invalid=\"false\" name=\"your-message\"><\/textarea><\/span> <\/label>\n<\/p>\n<p><input class=\"wpcf7-form-control wpcf7-submit has-spinner\" type=\"submit\" value=\"Wy\u015blij\" \/>\n<\/p><div class=\"wpcf7-response-output\" aria-hidden=\"true\"><\/div>\n<\/form>\n<\/div>\n<\/div> <\/div><\/div>","protected":false},"excerpt":{"rendered":"<p>KRS 0001066536 NIP 8971929168 REGON 526795890 O nasWitamy w naszej firmie! Jeste\u015bmy kompleksowym rozwi\u0105zaniem dla wszystkich Twoich potrzeb. D\u0105\u017c\u0105c do doskona\u0142o\u015bci i skupiaj\u0105c si\u0119 na zadowoleniu klienta, staramy si\u0119 dostarcza\u0107 najwy\u017cszej klasy us\u0142ugi dostosowane do Twoich wymaga\u0144. Niezale\u017cnie od tego, czy szukasz innowacyjnych rozwi\u0105za\u0144 czy niezawodnych us\u0142ug, mamy dla Ciebie najlepsze rozwi\u0105zanie szyte na Twoj\u0105&hellip; <br \/> <a class=\"button small blue\" href=\"https:\/\/intergalactica.eu\/?p=1\">Read more<\/a><\/p>\n","protected":false},"author":1,"featured_media":0,"parent":0,"menu_order":0,"comment_status":"closed","ping_status":"closed","template":"","meta":{"footnotes":""},"class_list":["post-7","page","type-page","status-publish","hentry"],"_links":{"self":[{"href":"https:\/\/intergalactica.eu\/index.php?rest_route=\/wp\/v2\/pages\/7","targetHints":{"allow":["GET"]}}],"collection":[{"href":"https:\/\/intergalactica.eu\/index.php?rest_route=\/wp\/v2\/pages"}],"about":[{"href":"https:\/\/intergalactica.eu\/index.php?rest_route=\/wp\/v2\/types\/page"}],"author":[{"embeddable":true,"href":"https:\/\/intergalactica.eu\/index.php?rest_route=\/wp\/v2\/users\/1"}],"replies":[{"embeddable":true,"href":"https:\/\/intergalactica.eu\/index.php?rest_route=%2Fwp%2Fv2%2Fcomments&post=7"}],"version-history":[{"count":21,"href":"https:\/\/intergalactica.eu\/index.php?rest_route=\/wp\/v2\/pages\/7\/revisions"}],"predecessor-version":[{"id":78,"href":"https:\/\/intergalactica.eu\/index.php?rest_route=\/wp\/v2\/pages\/7\/revisions\/78"}],"wp:attachment":[{"href":"https:\/\/intergalactica.eu\/index.php?rest_route=%2Fwp%2Fv2%2Fmedia&parent=7"}],"curies":[{"name":"wp","href":"https:\/\/api.w.org\/{rel}","templated":true}]}}